{"id":17,"date":"2020-08-19T10:56:29","date_gmt":"2020-08-19T08:56:29","guid":{"rendered":"http:\/\/Alles-Atlas.de\/?page_id=17"},"modified":"2021-11-22T16:32:28","modified_gmt":"2021-11-22T15:32:28","slug":"service","status":"publish","type":"page","link":"https:\/\/Alles-Atlas.de\/?page_id=17","title":{"rendered":"Unsere Serviceleistungen"},"content":{"rendered":"\n<h2 class=\"has-text-align-center wp-block-heading\">Entr\u00fcmpelung &amp; Haushaltsaufl\u00f6sung<br>Kellerr\u00e4umung<br>Gesch\u00e4fts- &amp; Betriebsaufl\u00f6sung<br><\/h2>\n\n\n\n<p>Zu unseren T\u00e4tigkeiten geh\u00f6rt das aufl\u00f6sen und\/oder entr\u00fcmpeln von:<\/p>\n\n\n\n<p>H\u00e4usern, Wohnungen, Kellern, Dachb\u00f6den, Garagen, Betrieben, gewerblichen R\u00e4umen, Scheunen, Schuppen, Gartenlauben, Lagerhallen, Freigel\u00e4nden und andere \u00d6rtlichkeiten.<\/p>\n\n\n\n<p>Schnelle &amp; flexible Besichtigung mit sofortigem Pauschalangebot noch vor Ort. Rufen Sie mich an und lassen Sie uns einen kostenlosen Termin mit kostenloser Anfahrt f\u00fcr die Besichtigung vereinbaren.<br>Wir machen gemeinsam einen Festpreis aus, der alle Kosten beinhaltet.<\/p>\n\n\n\n<p>Keine versteckten Kosten &amp; keine \u00dcberraschungen f\u00fcr Sie.<br>Das gemachte Angebot bleibt 2 Monate g\u00fcltig.<\/p>\n\n\n\n<p>Mein Unternehmen ist Haftpflichtversichert, damit Sie und ich auf der sicheren Seite sind!<\/p>\n\n\n\n<p>Nach Auftragserteilung&nbsp;garantieren&nbsp;wir eine&nbsp;fachgerechte Entsorgung&nbsp;und&nbsp;besenreine \u00dcbergabe.<\/p>\n\n\n\n<p>\u2713&nbsp;zuverl\u00e4ssige und schnelle Terminvereinbarung<br>\u2713&nbsp;Festpreisgarantie als Komplettangebot<br>\u2713&nbsp;kostenlose und unverbindliche Besichtigung<br>\u2713&nbsp;besenreines Verlassen der R\u00e4umlichkeit<br>\u2713&nbsp;Entsorgung und Verwertung der Abf\u00e4lle<br>\u2713&nbsp;Diskretion:&nbsp;Wir geben keine Ausk\u00fcnfte an Nachbarn.<\/p>\n\n\n\n<hr class=\"wp-block-separator\"\/>\n\n\n\n<h2 class=\"wp-block-heading\">Umz\u00fcge<br><\/h2>\n\n\n\n<blockquote class=\"wp-block-quote is-layout-flow wp-block-quote-is-layout-flow\"><p>Wir packen das an, ein, aus und auch weg, wenn Sie m\u00f6chten!<br>Geht nicht, gibt\u2019s bei uns nicht!<\/p><cite>A. Nougaoui<\/cite><\/blockquote>\n\n\n\n<p>Wenn Sie einen Umzug planen, erstellen wir Ihnen gerne kurzfristig ein Angebot. Wir packen ein und auch wieder aus, demontieren und montieren s\u00e4mtliche M\u00f6bel. Es wird alles zu einem Festpreis angeboten, damit Sie hinterher mit keinen Zusatzkosten rechnen m\u00fcssen.<\/p>\n\n\n\n<p>Im FESTPREIS enthalten ist<br>die Versicherung des Umzugsgutes, der Wohnung oder des Hauses. Schutzdecken f\u00fcr die M\u00f6bel sowie Gurte und Verpackungsmaterial, ausgenommen sind Umzugskartons.<\/p>\n\n\n\n<p>Ein- und Auspackservice<br>Sie m\u00f6chten ihre Dinge auch einpacken und\/oder auspacken lassen? Kein Problem f\u00fcr uns, auch dies k\u00f6nnen wir f\u00fcr Sie erledigen auf Wunsch.<\/p>\n\n\n\n<p>Versicherung<br>In allen unseren Angeboten ist selbstverst\u00e4ndlich eine Transport- und Haftpflichtversicherung kostenlos enthalten.<\/p>\n\n\n\n<hr class=\"wp-block-separator\"\/>\n\n\n\n<h2 class=\"wp-block-heading\">Transporte<br><\/h2>\n\n\n\n<p>Egal ob<br>\u25cf Expresstransporte<br>\u25cf Termintransporte<br>\u25cf Botendienste<br>\u25cf Kurierdienste<\/p>\n\n\n\n<p>Durch kurze Reaktionszeiten und unb\u00fcrokratische Abwicklung erm\u00f6glichen wir Ihnen&nbsp;jederzeit einen z\u00fcgigen und preislich akzeptablen Transport. Nat\u00fcrlich versichert!<\/p>\n\n\n\n<p>Wir sind jederzeit erreichbar und sorgen bei Fragen schnell f\u00fcr Klarheit!\u200b<\/p>\n\n\n\n<h4 class=\"has-text-align-center wp-block-heading\">Wenn es in unseren Transporter passt, liefern wir ab!<\/h4>\n\n\n\n<p class=\"has-text-align-center\"><img loading=\"lazy\" decoding=\"async\" width=\"500\" height=\"199\" class=\"wp-image-95\" style=\"width: 500px;\" src=\"https:\/\/Alles-Atlas.de\/wp-content\/uploads\/2020\/08\/car-scaled.jpg\" alt=\"\" srcset=\"https:\/\/Alles-Atlas.de\/wp-content\/uploads\/2020\/08\/car-scaled.jpg 2560w, https:\/\/Alles-Atlas.de\/wp-content\/uploads\/2020\/08\/car-300x120.jpg 300w, https:\/\/Alles-Atlas.de\/wp-content\/uploads\/2020\/08\/car-1024x409.jpg 1024w, https:\/\/Alles-Atlas.de\/wp-content\/uploads\/2020\/08\/car-768x306.jpg 768w, https:\/\/Alles-Atlas.de\/wp-content\/uploads\/2020\/08\/car-1536x613.jpg 1536w, https:\/\/Alles-Atlas.de\/wp-content\/uploads\/2020\/08\/car-2048x817.jpg 2048w, https:\/\/Alles-Atlas.de\/wp-content\/uploads\/2020\/08\/car-1200x479.jpg 1200w, https:\/\/Alles-Atlas.de\/wp-content\/uploads\/2020\/08\/car-1980x790.jpg 1980w\" sizes=\"auto, (max-width: 500px) 100vw, 500px\" \/><br><code>Abmessungen:<br>H\u00f6he 1,90 m<br>Breite 1,70 m<br>L\u00e4nge 4,40 m<br>Max. Zuladung 1.700 kg<\/code><\/p>\n","protected":false},"excerpt":{"rendered":"<p>Entr\u00fcmpelung &amp; Haushaltsaufl\u00f6sungKellerr\u00e4umungGesch\u00e4fts- &amp; Betriebsaufl\u00f6sung Zu unseren T\u00e4tigkeiten geh\u00f6rt das aufl\u00f6sen und\/oder entr\u00fcmpeln von: H\u00e4usern, Wohnungen, Kellern, Dachb\u00f6den, Garagen, Betrieben, gewerblichen R\u00e4umen, Scheunen, Schuppen, Gartenlauben, Lagerhallen, Freigel\u00e4nden und andere \u00d6rtlichkeiten. Schnelle &amp; flexible Besichtigung mit sofortigem Pauschalangebot noch vor Ort. Rufen Sie mich an und lassen Sie uns einen kostenlosen Termin mit kostenloser Anfahrt f\u00fcr [&hellip;]<\/p>\n","protected":false},"author":3,"featured_media":0,"parent":0,"menu_order":2,"comment_status":"closed","ping_status":"closed","template":"","meta":{"footnotes":""},"class_list":["post-17","page","type-page","status-publish","hentry"],"yoast_head":"<!-- This site is optimized with the Yoast SEO plugin v25.6 - https:\/\/yoast.com\/wordpress\/plugins\/seo\/ -->\n<title>Unsere Serviceleistungen &#8226; Alles-Atlas.de<\/title>\n<meta name=\"robots\" content=\"index, follow, max-snippet:-1, max-image-preview:large, max-video-preview:-1\" \/>\n<link rel=\"canonical\" href=\"https:\/\/Alles-Atlas.de\/?page_id=17\" \/>\n<meta property=\"og:locale\" content=\"de_DE\" \/>\n<meta property=\"og:type\" content=\"article\" \/>\n<meta property=\"og:title\" content=\"Unsere Serviceleistungen &#8226; Alles-Atlas.de\" \/>\n<meta property=\"og:description\" content=\"Entr\u00fcmpelung &amp; Haushaltsaufl\u00f6sungKellerr\u00e4umungGesch\u00e4fts- &amp; Betriebsaufl\u00f6sung Zu unseren T\u00e4tigkeiten geh\u00f6rt das aufl\u00f6sen und\/oder entr\u00fcmpeln von: H\u00e4usern, Wohnungen, Kellern, Dachb\u00f6den, Garagen, Betrieben, gewerblichen R\u00e4umen, Scheunen, Schuppen, Gartenlauben, Lagerhallen, Freigel\u00e4nden und andere \u00d6rtlichkeiten. Schnelle &amp; flexible Besichtigung mit sofortigem Pauschalangebot noch vor Ort. Rufen Sie mich an und lassen Sie uns einen kostenlosen Termin mit kostenloser Anfahrt f\u00fcr [&hellip;]\" \/>\n<meta property=\"og:url\" content=\"https:\/\/Alles-Atlas.de\/?page_id=17\" \/>\n<meta property=\"og:site_name\" content=\"Alles-Atlas.de\" \/>\n<meta property=\"article:modified_time\" content=\"2021-11-22T15:32:28+00:00\" \/>\n<meta property=\"og:image\" content=\"https:\/\/Alles-Atlas.de\/wp-content\/uploads\/2020\/08\/car-scaled.jpg\" \/>\n<meta name=\"twitter:card\" content=\"summary_large_image\" \/>\n<meta name=\"twitter:label1\" content=\"Gesch\u00e4tzte Lesezeit\" \/>\n\t<meta name=\"twitter:data1\" content=\"2\u00a0Minuten\" \/>\n<script type=\"application\/ld+json\" class=\"yoast-schema-graph\">{\"@context\":\"https:\/\/schema.org\",\"@graph\":[{\"@type\":\"WebPage\",\"@id\":\"https:\/\/Alles-Atlas.de\/?page_id=17\",\"url\":\"https:\/\/Alles-Atlas.de\/?page_id=17\",\"name\":\"Unsere Serviceleistungen &#8226; Alles-Atlas.de\",\"isPartOf\":{\"@id\":\"https:\/\/Alles-Atlas.de\/#website\"},\"primaryImageOfPage\":{\"@id\":\"https:\/\/Alles-Atlas.de\/?page_id=17#primaryimage\"},\"image\":{\"@id\":\"https:\/\/Alles-Atlas.de\/?page_id=17#primaryimage\"},\"thumbnailUrl\":\"https:\/\/Alles-Atlas.de\/wp-content\/uploads\/2020\/08\/car-scaled.jpg\",\"datePublished\":\"2020-08-19T08:56:29+00:00\",\"dateModified\":\"2021-11-22T15:32:28+00:00\",\"breadcrumb\":{\"@id\":\"https:\/\/Alles-Atlas.de\/?page_id=17#breadcrumb\"},\"inLanguage\":\"de\",\"potentialAction\":[{\"@type\":\"ReadAction\",\"target\":[\"https:\/\/Alles-Atlas.de\/?page_id=17\"]}]},{\"@type\":\"ImageObject\",\"inLanguage\":\"de\",\"@id\":\"https:\/\/Alles-Atlas.de\/?page_id=17#primaryimage\",\"url\":\"https:\/\/Alles-Atlas.de\/wp-content\/uploads\/2020\/08\/car-scaled.jpg\",\"contentUrl\":\"https:\/\/Alles-Atlas.de\/wp-content\/uploads\/2020\/08\/car-scaled.jpg\",\"width\":2560,\"height\":1021},{\"@type\":\"BreadcrumbList\",\"@id\":\"https:\/\/Alles-Atlas.de\/?page_id=17#breadcrumb\",\"itemListElement\":[{\"@type\":\"ListItem\",\"position\":1,\"name\":\"Startseite\",\"item\":\"https:\/\/Alles-Atlas.de\/\"},{\"@type\":\"ListItem\",\"position\":2,\"name\":\"Unsere Serviceleistungen\"}]},{\"@type\":\"WebSite\",\"@id\":\"https:\/\/Alles-Atlas.de\/#website\",\"url\":\"https:\/\/Alles-Atlas.de\/\",\"name\":\"Alles-Atlas.de\",\"description\":\"Entr\u00fcmpelung, Haushaltsaufl\u00f6sung und mehr \ud83d\ude9a\",\"publisher\":{\"@id\":\"https:\/\/Alles-Atlas.de\/#\/schema\/person\/5130010b3596770199a4cdf837d47db8\"},\"potentialAction\":[{\"@type\":\"SearchAction\",\"target\":{\"@type\":\"EntryPoint\",\"urlTemplate\":\"https:\/\/Alles-Atlas.de\/?s={search_term_string}\"},\"query-input\":{\"@type\":\"PropertyValueSpecification\",\"valueRequired\":true,\"valueName\":\"search_term_string\"}}],\"inLanguage\":\"de\"},{\"@type\":[\"Person\",\"Organization\"],\"@id\":\"https:\/\/Alles-Atlas.de\/#\/schema\/person\/5130010b3596770199a4cdf837d47db8\",\"name\":\"Alles-Atlas.de\",\"image\":{\"@type\":\"ImageObject\",\"inLanguage\":\"de\",\"@id\":\"https:\/\/Alles-Atlas.de\/#\/schema\/person\/image\/\",\"url\":\"https:\/\/Alles-Atlas.de\/wp-content\/uploads\/2021\/06\/cropped-LOGO.png\",\"contentUrl\":\"https:\/\/Alles-Atlas.de\/wp-content\/uploads\/2021\/06\/cropped-LOGO.png\",\"width\":512,\"height\":512,\"caption\":\"Alles-Atlas.de\"},\"logo\":{\"@id\":\"https:\/\/Alles-Atlas.de\/#\/schema\/person\/image\/\"},\"sameAs\":[\"http:\/\/Alles-Atlas.de\"]}]}<\/script>\n<!-- \/ Yoast SEO plugin. -->","yoast_head_json":{"title":"Unsere Serviceleistungen &#8226; Alles-Atlas.de","robots":{"index":"index","follow":"follow","max-snippet":"max-snippet:-1","max-image-preview":"max-image-preview:large","max-video-preview":"max-video-preview:-1"},"canonical":"https:\/\/Alles-Atlas.de\/?page_id=17","og_locale":"de_DE","og_type":"article","og_title":"Unsere Serviceleistungen &#8226; Alles-Atlas.de","og_description":"Entr\u00fcmpelung &amp; Haushaltsaufl\u00f6sungKellerr\u00e4umungGesch\u00e4fts- &amp; Betriebsaufl\u00f6sung Zu unseren T\u00e4tigkeiten geh\u00f6rt das aufl\u00f6sen und\/oder entr\u00fcmpeln von: H\u00e4usern, Wohnungen, Kellern, Dachb\u00f6den, Garagen, Betrieben, gewerblichen R\u00e4umen, Scheunen, Schuppen, Gartenlauben, Lagerhallen, Freigel\u00e4nden und andere \u00d6rtlichkeiten. Schnelle &amp; flexible Besichtigung mit sofortigem Pauschalangebot noch vor Ort. Rufen Sie mich an und lassen Sie uns einen kostenlosen Termin mit kostenloser Anfahrt f\u00fcr [&hellip;]","og_url":"https:\/\/Alles-Atlas.de\/?page_id=17","og_site_name":"Alles-Atlas.de","article_modified_time":"2021-11-22T15:32:28+00:00","og_image":[{"url":"https:\/\/Alles-Atlas.de\/wp-content\/uploads\/2020\/08\/car-scaled.jpg","type":"","width":"","height":""}],"twitter_card":"summary_large_image","twitter_misc":{"Gesch\u00e4tzte Lesezeit":"2\u00a0Minuten"},"schema":{"@context":"https:\/\/schema.org","@graph":[{"@type":"WebPage","@id":"https:\/\/Alles-Atlas.de\/?page_id=17","url":"https:\/\/Alles-Atlas.de\/?page_id=17","name":"Unsere Serviceleistungen &#8226; Alles-Atlas.de","isPartOf":{"@id":"https:\/\/Alles-Atlas.de\/#website"},"primaryImageOfPage":{"@id":"https:\/\/Alles-Atlas.de\/?page_id=17#primaryimage"},"image":{"@id":"https:\/\/Alles-Atlas.de\/?page_id=17#primaryimage"},"thumbnailUrl":"https:\/\/Alles-Atlas.de\/wp-content\/uploads\/2020\/08\/car-scaled.jpg","datePublished":"2020-08-19T08:56:29+00:00","dateModified":"2021-11-22T15:32:28+00:00","breadcrumb":{"@id":"https:\/\/Alles-Atlas.de\/?page_id=17#breadcrumb"},"inLanguage":"de","potentialAction":[{"@type":"ReadAction","target":["https:\/\/Alles-Atlas.de\/?page_id=17"]}]},{"@type":"ImageObject","inLanguage":"de","@id":"https:\/\/Alles-Atlas.de\/?page_id=17#primaryimage","url":"https:\/\/Alles-Atlas.de\/wp-content\/uploads\/2020\/08\/car-scaled.jpg","contentUrl":"https:\/\/Alles-Atlas.de\/wp-content\/uploads\/2020\/08\/car-scaled.jpg","width":2560,"height":1021},{"@type":"BreadcrumbList","@id":"https:\/\/Alles-Atlas.de\/?page_id=17#breadcrumb","itemListElement":[{"@type":"ListItem","position":1,"name":"Startseite","item":"https:\/\/Alles-Atlas.de\/"},{"@type":"ListItem","position":2,"name":"Unsere Serviceleistungen"}]},{"@type":"WebSite","@id":"https:\/\/Alles-Atlas.de\/#website","url":"https:\/\/Alles-Atlas.de\/","name":"Alles-Atlas.de","description":"Entr\u00fcmpelung, Haushaltsaufl\u00f6sung und mehr \ud83d\ude9a","publisher":{"@id":"https:\/\/Alles-Atlas.de\/#\/schema\/person\/5130010b3596770199a4cdf837d47db8"},"potentialAction":[{"@type":"SearchAction","target":{"@type":"EntryPoint","urlTemplate":"https:\/\/Alles-Atlas.de\/?s={search_term_string}"},"query-input":{"@type":"PropertyValueSpecification","valueRequired":true,"valueName":"search_term_string"}}],"inLanguage":"de"},{"@type":["Person","Organization"],"@id":"https:\/\/Alles-Atlas.de\/#\/schema\/person\/5130010b3596770199a4cdf837d47db8","name":"Alles-Atlas.de","image":{"@type":"ImageObject","inLanguage":"de","@id":"https:\/\/Alles-Atlas.de\/#\/schema\/person\/image\/","url":"https:\/\/Alles-Atlas.de\/wp-content\/uploads\/2021\/06\/cropped-LOGO.png","contentUrl":"https:\/\/Alles-Atlas.de\/wp-content\/uploads\/2021\/06\/cropped-LOGO.png","width":512,"height":512,"caption":"Alles-Atlas.de"},"logo":{"@id":"https:\/\/Alles-Atlas.de\/#\/schema\/person\/image\/"},"sameAs":["http:\/\/Alles-Atlas.de"]}]}},"jetpack_sharing_enabled":true,"_links":{"self":[{"href":"https:\/\/Alles-Atlas.de\/index.php?rest_route=\/wp\/v2\/pages\/17","targetHints":{"allow":["GET"]}}],"collection":[{"href":"https:\/\/Alles-Atlas.de\/index.php?rest_route=\/wp\/v2\/pages"}],"about":[{"href":"https:\/\/Alles-Atlas.de\/index.php?rest_route=\/wp\/v2\/types\/page"}],"author":[{"embeddable":true,"href":"https:\/\/Alles-Atlas.de\/index.php?rest_route=\/wp\/v2\/users\/3"}],"replies":[{"embeddable":true,"href":"https:\/\/Alles-Atlas.de\/index.php?rest_route=%2Fwp%2Fv2%2Fcomments&post=17"}],"version-history":[{"count":10,"href":"https:\/\/Alles-Atlas.de\/index.php?rest_route=\/wp\/v2\/pages\/17\/revisions"}],"predecessor-version":[{"id":788,"href":"https:\/\/Alles-Atlas.de\/index.php?rest_route=\/wp\/v2\/pages\/17\/revisions\/788"}],"wp:attachment":[{"href":"https:\/\/Alles-Atlas.de\/index.php?rest_route=%2Fwp%2Fv2%2Fmedia&parent=17"}],"curies":[{"name":"wp","href":"https:\/\/api.w.org\/{rel}","templated":true}]}}